{"id":658,"date":"2025-11-20T08:47:25","date_gmt":"2025-11-20T08:47:25","guid":{"rendered":"https:\/\/printmarketing.dk\/?page_id=658"},"modified":"2025-11-30T07:30:14","modified_gmt":"2025-11-30T07:30:14","slug":"salgs-og-leveringsbetingelser","status":"publish","type":"page","link":"https:\/\/printmarketing.dk\/index.php\/salgs-og-leveringsbetingelser\/","title":{"rendered":"Salgs- og Leveringsbetingelser"},"content":{"rendered":"\n[et_pb_section fb_built=&#8221;1&#8243; theme_builder_area=&#8221;post_content&#8221; _builder_version=&#8221;4.27.4&#8243; _module_preset=&#8221;default&#8221;][et_pb_row _builder_version=&#8221;4.27.4&#8243; _module_preset=&#8221;default&#8221; theme_builder_area=&#8221;post_content&#8221;][et_pb_column _builder_version=&#8221;4.27.4&#8243; _module_preset=&#8221;default&#8221; type=&#8221;4_4&#8243; theme_builder_area=&#8221;post_content&#8221;][et_pb_heading title=&#8221;Salgs- og leveringsbetingelser&#8221; _builder_version=&#8221;4.27.4&#8243; _module_preset=&#8221;default&#8221; theme_builder_area=&#8221;post_content&#8221; hover_enabled=&#8221;0&#8243; sticky_enabled=&#8221;0&#8243;][\/et_pb_heading][\/et_pb_column][\/et_pb_row][et_pb_row _builder_version=&#8221;4.27.4&#8243; _module_preset=&#8221;default&#8221; theme_builder_area=&#8221;post_content&#8221;][et_pb_column _builder_version=&#8221;4.27.4&#8243; _module_preset=&#8221;default&#8221; type=&#8221;4_4&#8243; theme_builder_area=&#8221;post_content&#8221;][et_pb_text _builder_version=&#8221;4.27.4&#8243; _module_preset=&#8221;default&#8221; theme_builder_area=&#8221;post_content&#8221; hover_enabled=&#8221;0&#8243; sticky_enabled=&#8221;0&#8243;]<p>Anvendelse af salgs- og leveringsbetingelserne:<\/p>\n<p>Nedenn\u00e6vnte salgs- og leveringsbetingelser kommer til anvendelse, s\u00e5fremt ikke andet er aftalt<br \/>PrintMarketing ApS og k\u00f8ber imellem.<br \/><br \/><strong>Tilbud:<br \/><\/strong>Afgivne tilbud er g\u00e6ldende i 30 dage regnet fra afgivelse af tilbuddet, med mindre andet fremg\u00e5r af<br \/>tilbud\/aftale.<br \/>Alle priser i tilbud og ordrebekr\u00e6ftelser er altid ekskl. moms og i DKK.<\/p>\n<p><strong>Priser:<\/strong><br \/>Alle priser er ekskl. moms. Der tages forbehold for trykfejl, udsolgte varer og sortiments \u00e6ndringer.<br \/>Der tages forbehold for prisstigninger p\u00e5 r\u00e5varer, \u00e6ndringer i valutakurser, toldsatser eller indf\u00f8rsel<br \/>af offentlige afgifter af enhver art, der m\u00e5tte ligge udenfor PrintMarketing ApS indflydelse, og<br \/>som indtr\u00e6ffer efter ordrebekr\u00e6ftelse.<\/p>\n<p><strong>Annullering af ordre:<br \/><\/strong>S\u00e5fremt en ordre produktionsm\u00e6ssigt er igangsat, kan den ikke annulleres.<br \/>PrintMarketing ApS kan annullere en tidligere bekr\u00e6ftet ordre, s\u00e5fremt k\u00f8ber har et uafklaret<br \/>\u00f8konomisk mellemv\u00e6rende med PrintMarketing ApS eller ikke er kreditgodkendt.<\/p>\n<p><strong>Leveringsbetingelser:<\/strong><br \/>Medmindre andet er aftalt sker levering ab fabrik for k\u00f8bers regning og risiko. Uanset om PrintMarketing ApS<br \/>afholder udgifterne til varens transport, b\u00e6rer k\u00f8ber s\u00e5ledes risikoen for<br \/>h\u00e6ndelige begivenheder, der rammer varen efter leveringen. K\u00f8ber m\u00e5 selv drage omsorg for<br \/>eventuel tegning af forsikring mod transport-risici.<br \/>Leveringstiden er under forbehold for strejke, lockout, driftsforstyrrelser, forsinkelser fra vore<br \/>leverand\u00f8rer samt andre omst\u00e6ndigheder, der ikke kan tilskrives os.<br \/>I forbindelse med specialopgaver, hvor der f.eks. er tale om en speciel produktionsform eller ved et<br \/>h\u00f8jt stk.-antal, forbeholder vi os ret til en over- eller underlevering p\u00e5 10%.<\/p>\n<p><strong>Forsendelse:<\/strong><br \/>Forsendelsesm\u00e5den v\u00e6lges af os efter bedste sk\u00f8n, s\u00e5fremt kunden ikke udtrykkeligt foreskriver<br \/>andet.<br \/>Ved ekspresforsendelser eller, hvis k\u00f8ber \u00f8nsker en forsendelsesm\u00e5de, der afviger fra vor normale<br \/>forsendelsesm\u00e5de, forbeholder vi os ret til at debitere k\u00f8ber den fulde fragtomkostning. Ved ordre<br \/>mindre end 600,- excl. moms till\u00e6gges 80,- i ekspeditionsgebyr.<\/p>\n<p><strong>Fakturering og betaling:<\/strong><br \/>Betalingsbetingelserne er 8 dages netto medmindre andet er aftalt.<br \/>Ved overskridelse af forfaldstidspunktet p\u00e5lignes fakturabel\u00f8bet 2,0% pr. p\u00e5begyndt m\u00e5ned samt<br \/>administrationsgebyr. Vi forbeholder os ret til at \u00e6ndre rentesatsen, s\u00e5fremt der sker \u00e6ndringer i<br \/>diskontorentesatsen.<br \/>Ved special produktion betales den fulde faktura i 3 rater. 1. rate betales ved afsendelse af<br \/>ordrebekr\u00e6ftelse, 2. rate betales ved opstart af produktion mens 3. rate betales ved levering.<\/p>\n<p><strong>Anvendelse af logoer:<\/strong><br \/>Det er k\u00f8bers ansvar at indhente tilladelse til anvendelse af logoer. PrintMarketing ApS kan<br \/>ikke drages til ansvar for uretm\u00e6ssig brug af logoer.<\/p>\n<p><strong>Fortrydelsesret:<\/strong><br \/>Fortrydelsesret kan kun opretholdes indtil PrintMarketing ApS har p\u00e5begyndt ordren<\/p>\n<p><strong>Reklamation \/ annullering:<br \/><\/strong>K\u00f8ber skal kontrollere varen straks ved modtagelsen, og eventuel reklamation skal finde sted senest<br \/>8 dage fra modtagelse af varen.<br \/>Medmindre andet er aftalt skal defekte varer, hvorover der reklameres, omg\u00e5ende returneres til<br \/>PrintMarketing ApS og i samme stand, som de blev modtaget.<br \/>Reklamation berettiger ikke k\u00f8ber til at tilbageholde betaling for den leverede vare.<br \/>PrintMarketing ApS vil ikke kunne afkr\u00e6ves erstatninger m.v., der overstiger varens v\u00e6rdi. I<br \/>forbindelse hermed skal det udtrykkeligt bem\u00e6rkes, at PrintMarketing ApS ikke h\u00e6fter for<br \/>driftstab eller andre indirekte tab, der m\u00e5tte skyldes udeblivende, forsinkede, mangelfulde eller<br \/>andre ufuldst\u00e6ndige leverancer.<br \/>PrintMarketing ApS kan ikke stilles til ansvar for skitser og korrekturer der er godkendt af<br \/>kunden og som m\u00e5tte indeholde fejl og\/eller mangler.<\/p>\n<p><strong>Absolut reklamationsfrist:<\/strong><br \/>K\u00f8bers krav mod PrintMarketing ApS som f\u00f8lge af mangler skal senest frems\u00e6ttes 5 \u00e5r efter<br \/>arbejdets aflevering. Efter dette tidspunkt kan k\u00f8ber ikke rejse krav mod PrintMarketing ApS.<\/p>\n<p><strong>Returnering:<\/strong><br \/>For varer, der returneres uden forudg\u00e5ende aftale, n\u00e6gtes modtagelse. Returnering sker for k\u00f8bers<br \/>regning. Specielt forarbejdede emner, specielt hjemk\u00f8bte varer samt varer, der er opsk\u00e5ret efter m\u00e5l,<br \/>tages ikke retur.<\/p>\n<p><strong>Ejendomsret:<\/strong><br \/>Ejendomsretten over salgsgenstanden forbliver hos PrintMarketing ApS, indtil hele<br \/>k\u00f8besummen evt. med renter, omkostninger m.v. er fuldt indbetalt.<br \/>Hvad vi har tilvejebragt til brug for leverancen, s\u00e5som skitser, print, billeder og lignende samt de<br \/>hos os elektronisk lagrede materialer (logos, designs, tekster. billedmotiver m.v.) er PrintMarketing ApS<br \/>ejendom og kan ikke efter arbejdets udf\u00f8relse kr\u00e6ves udleveret.<br \/>Dette g\u00e6lder uanset om det tilvejebragte m\u00e5tte v\u00e6re s\u00e6rskilt faktureret.<\/p>\n<p><strong>Produktansvar:<\/strong><br \/>For skade p\u00e5 person eller ting, h\u00e6fter s\u00e6lger i det omfang erstatningsansvar kan p\u00e5l\u00e6gges denne.<br \/>S\u00e6lger p\u00e5tager sig dog i intet tilf\u00e6lde ansvar for driftstab, tabs arbejdsfortjeneste, avancetab eller<br \/>lignende indirekte tab.<\/p>\n<p><strong>Montering af fundamenter:<\/strong><br \/>Vi g\u00f8r opm\u00e6rksom p\u00e5, at alt arbejde, som foreg\u00e5r i terr\u00e6n, kr\u00e6ver r\u00f8r- og kabeltegning (ogs\u00e5 ved<br \/>h\u00e5ndgravning). Hvis PrintMarketing ApS st\u00e5r for montagen af fundamenterne er det bygherres<br \/>ansvar, at fremskaffe kabel- og ledningstegninger over privat grund, inden arbejdet p\u00e5begyndes.<br \/>Udgifter til p\u00e5visning af kabler vil v\u00e6re bygherrens. PrintMarketing ApS kan v\u00e6re behj\u00e6lpelig<br \/>med fremskaffelse af r\u00f8r- og kabeltegninger, hvis kunden skriftligt beder herom. Alt arbejde i og<br \/>under privat terr\u00e6n sker p\u00e5 bygherres ansvar.<\/p>\n<p><strong>Ansvar for mangler:<\/strong><br \/>1. S\u00e6lgeren er forpligtet til at afhj\u00e6lpe alle mangler, som skyldes fejl i konstruktion,<br \/>materiale eller fremstilling, ved at foretage reparation eller udskiftning af materiellet i<br \/>overensstemmelse med punkterne 2-14 nedenfor.<br \/>2. S\u00e6lgerens ansvar omfatter kun mangler, som viser sig inden et \u00e5r fra den dag,<br \/>materiellet blev leveret. Anvendes materiellet mere intensivt, end det er aftalt eller kan anses<br \/>forudsat ved aftalens indg\u00e5else, forkortes denne periode forholdsm\u00e6ssigt.<br \/>3. For dele, som er udskiftet eller repareret if\u00f8lge punkt 1, p\u00e5tager s\u00e6lgeren sig de<br \/>samme forpligtelser, som g\u00e6lder for det oprindelige materiel i et tidsrum af et \u00e5r. For<br \/>materiellets \u00f8vrige dele forl\u00e6nges den i punkt 2 n\u00e6vnte periode kun med det tidsrum,<br \/>materiellet ikke har kunnet anvendes som f\u00f8lge af de i punkt 1 n\u00e6vnte mangler.<br \/>4. K\u00f8beren skal give skriftlig meddelelse om en mangel til s\u00e6lgeren uden ugrundet<br \/>ophold, efter at manglen har vist sig, og i intet tilf\u00e6lde senere end 2 uger efter, at den i punkt<br \/>2 n\u00e6vnte frist er udl\u00f8bet, jf. punkterne 3 og 14. Meddelelsen skal indeholde en beskrivelse<br \/>af, hvorledes manglen ytrer sig.<br \/>S\u00e5fremt der er grund til at tro, at manglen kan medf\u00f8re risiko for skade, skal s\u00e5dan<br \/>meddelelse gives straks.<br \/>S\u00e5fremt k\u00f8beren ikke skriftligt underretter s\u00e6lgeren om en mangel inden for de frister, som<br \/>er angivet i dette punkt, mister k\u00f8beren sin ret til at frems\u00e6tte krav i anledning af manglen.<br \/>5. Efter at have modtaget skriftlig meddelelse fra k\u00f8beren i henhold til punkt 4 skal<br \/>s\u00e6lgeren afhj\u00e6lpe manglen uden ugrundet ophold. S\u00e6lgeren skal selv b\u00e6re omkostningerne<br \/>herved i henhold til bestemmelserne i punkterne 1-13.<br \/>Reparationen foretages hos k\u00f8beren, medmindre s\u00e6lgeren finder det hensigtsm\u00e6ssigt, at<br \/>den mangelfulde del eller eventuelt materiellet returneres, s\u00e5ledes at s\u00e6lgeren kan foretage<br \/>reparation eller udskiftning hos sig selv.<br \/>Kr\u00e6ver demontering og montering af delen speciel fagkundskab, er s\u00e6lgeren forpligtet til<br \/>at foretage s\u00e5dan demontering og montering. Er en s\u00e5dan speciel fagkundskab un\u00f8dvendig,<br \/>er s\u00e6lgerens forpligtelse vedr\u00f8rende den mangelfulde del opfyldt, n\u00e5r han har leveret en<br \/>tilb\u00f8rligt repareret eller udskiftet del til k\u00f8beren.<br \/>6. S\u00e5fremt k\u00f8beren har afgivet en s\u00e5dan meddelelse, som n\u00e6vnt i punkt 4, og det viser<br \/>sig, at der ikke foreligger nogen mangel, som s\u00e6lgeren b\u00e6rer ansvaret for, har s\u00e6lgeren ret<br \/>til godtg\u00f8relse for det arbejde og de omkostninger, reklamationen har p\u00e5f\u00f8rt ham.<br \/>7. S\u00e5fremt eventuel demontering og montering medf\u00f8rer indgreb i andet end materiellet,<br \/>p\u00e5hviler arbejdet og omkostningerne herved k\u00f8beren.<br \/>8. Enhver forsendelse i forbindelse med reparation eller udskiftning skal ske for<br \/>s\u00e6lgerens regning og risiko.<br \/>K\u00f8beren skal f\u00f8lge s\u00e6lgerens instruktioner om forsendelsesm\u00e5de.<br \/>9. K\u00f8beren skal b\u00e6re de meromkostninger, som s\u00e6lgeren p\u00e5f\u00f8res ved afhj\u00e6lpning af<br \/>mangler som f\u00f8lge af, at materiellet befinder sig p\u00e5 et andet sted end det i aftalen angivne<br \/>bestemmelsessted eller &#8211; hvis et s\u00e5dant ikke er angivet &#8211; leveringsstedet.<br \/>10. mangelfulde dele, som udskiftes i henhold til punkt 1, stilles til s\u00e6lgerens disposition<br \/>og bliver hans ejendom.<br \/>11. S\u00e5fremt s\u00e6lgeren ikke inden rimelig tid opfylder sine forpligtelser i henhold til punkt<br \/>5, kan k\u00f8beren skriftligt give s\u00e6lgeren en sidste frist for opfyldelse. Er forpligtelserne ikke<br \/>opfyldt inden udl\u00f8bet af den fastsatte frist, kan k\u00f8beren efter eget valg:<br \/>a) lade udf\u00f8re de reparationer, som er n\u00f8dvendige, og\/eller f\u00e5 fremstillet nye dele for<br \/>s\u00e6lgeres regning og risiko forudsat, at han g\u00f8r dette p\u00e5 en fornuftig og rimelig m\u00e5de,<br \/>eller<br \/>b) kr\u00e6ve forholdsm\u00e6ssigt afslag, dog h\u00f8jst 15% af den aftalte k\u00f8besum.<br \/>S\u00e5fremt manglen er v\u00e6sentlig, kan k\u00f8beren i stedet h\u00e6ve aftalen ved skriftlig meddelelse<br \/>til s\u00e6lgeren. K\u00f8beren har ogs\u00e5 ret til s\u00e5ledes at h\u00e6ve aftalen, s\u00e5fremt manglen efter tiltag som<br \/>n\u00e6vnt under a) fortsat er v\u00e6sentlig. K\u00f8beren kan ved oph\u00e6velse kr\u00e6ve erstatning for sit tab,<br \/>dog h\u00f8jst 15% af den aftalte k\u00f8besum.<br \/>12. S\u00e6lgerens ansvar omfatter ikke mangler, for\u00e5rsaget af materiale, som er tilvejebragt<br \/>af k\u00f8beren, eller af konstruktioner, der er foreskrevet eller specificeret af denne.<br \/>13. S\u00e6lgerens ansvar omfatter kun mangler, som opst\u00e5r under de i aftalen forudsatte<br \/>arbejdsforhold og under korrekt anvendelse af materiellet.<br \/>Ansvaret omfatter ikke mangler, som skyldes \u00e5rsager, opst\u00e5et efter at risikoen er g\u00e5et over<br \/>p\u00e5 k\u00f8beren. Ansvaret omfatter for eksempel ikke mangler, der skyldes mangelfuld<br \/>vedligeholdelse, urigtig montering foretaget af k\u00f8beren, \u00e6ndringer foretaget uden s\u00e6lgerens<br \/>skriftlige samtykke eller reparationer, som k\u00f8beren har udf\u00f8rt p\u00e5 fejlagtig m\u00e5de. Endelig<br \/>omfatter ansvaret ikke normal slitage og forringelse.<br \/>14. Uanset bestemmelserne i punkterne 1-13 g\u00e6lder s\u00e6lgerens mangelansvar ikke for<br \/>nogen del af materiellet ud over 2 \u00e5r fra den i punkt 2 n\u00e6vnte periodes begyndelse.<br \/>15. S\u00e6lgeren har intet ansvar for mangler ud over det i punkterne 1-14 foreskrevne. Dette<br \/>g\u00e6lder ethvert tab, manglen m\u00e5tte for\u00e5rsage, herunder driftstab, tabt fortjeneste og andre<br \/>\u00f8konomiske konsekvenstab. Denne begr\u00e6nsning i s\u00e6lgerens ansvar g\u00e6lder ikke, dersom han<br \/>har gjort sig skyldig i grov uagtsomhed.<\/p>\n<p>PrintMarketing ApS<br \/>November 2025<\/p>[\/et_pb_text][\/et_pb_column][\/et_pb_row][\/et_pb_section]\n","protected":false},"excerpt":{"rendered":"<p>Anvendelse af salgs- og leveringsbetingelserne: Nedenn\u00e6vnte salgs- og leveringsbetingelser kommer til anvendelse, s\u00e5fremt ikke andet er aftaltPrintMarketing ApS og k\u00f8ber imellem.Tilbud:Afgivne tilbud er g\u00e6ldende i 30 dage regnet fra afgivelse af tilbuddet, med mindre andet fremg\u00e5r aftilbud\/aftale.Alle priser i tilbud og ordrebekr\u00e6ftelser er altid ekskl. moms og i DKK. Priser:Alle priser er ekskl. moms. Der [&hellip;]<\/p>\n","protected":false},"author":1,"featured_media":0,"parent":0,"menu_order":0,"comment_status":"closed","ping_status":"closed","template":"","meta":{"_et_pb_use_builder":"on","_et_pb_old_content":"","_et_gb_content_width":"","footnotes":""},"class_list":["post-658","page","type-page","status-publish","hentry"],"yoast_head":"<!-- This site is optimized with the Yoast SEO plugin v27.4 - https:\/\/yoast.com\/product\/yoast-seo-wordpress\/ -->\n<title>Salgs- og Leveringsbetingelser - PrintMarketing<\/title>\n<meta name=\"robots\" content=\"index, follow, max-snippet:-1, max-image-preview:large, max-video-preview:-1\" \/>\n<link rel=\"canonical\" href=\"https:\/\/printmarketing.dk\/index.php\/salgs-og-leveringsbetingelser\/\" \/>\n<meta property=\"og:locale\" content=\"da_DK\" \/>\n<meta property=\"og:type\" content=\"article\" \/>\n<meta property=\"og:title\" content=\"Salgs- og Leveringsbetingelser - PrintMarketing\" \/>\n<meta property=\"og:description\" content=\"Anvendelse af salgs- og leveringsbetingelserne: Nedenn\u00e6vnte salgs- og leveringsbetingelser kommer til anvendelse, s\u00e5fremt ikke andet er aftaltPrintMarketing ApS og k\u00f8ber imellem.Tilbud:Afgivne tilbud er g\u00e6ldende i 30 dage regnet fra afgivelse af tilbuddet, med mindre andet fremg\u00e5r aftilbud\/aftale.Alle priser i tilbud og ordrebekr\u00e6ftelser er altid ekskl. moms og i DKK. Priser:Alle priser er ekskl. moms. Der [&hellip;]\" \/>\n<meta property=\"og:url\" content=\"https:\/\/printmarketing.dk\/index.php\/salgs-og-leveringsbetingelser\/\" \/>\n<meta property=\"og:site_name\" content=\"PrintMarketing\" \/>\n<meta property=\"article:publisher\" content=\"https:\/\/www.facebook.com\/Printmarketing.dk\" \/>\n<meta property=\"article:modified_time\" content=\"2025-11-30T07:30:14+00:00\" \/>\n<meta name=\"twitter:card\" content=\"summary_large_image\" \/>\n<meta name=\"twitter:label1\" content=\"Estimeret l\u00e6setid\" \/>\n\t<meta name=\"twitter:data1\" content=\"9 minutter\" \/>\n<script type=\"application\/ld+json\" class=\"yoast-schema-graph\">{\"@context\":\"https:\\\/\\\/schema.org\",\"@graph\":[{\"@type\":\"WebPage\",\"@id\":\"https:\\\/\\\/printmarketing.dk\\\/index.php\\\/salgs-og-leveringsbetingelser\\\/\",\"url\":\"https:\\\/\\\/printmarketing.dk\\\/index.php\\\/salgs-og-leveringsbetingelser\\\/\",\"name\":\"Salgs- og Leveringsbetingelser - PrintMarketing\",\"isPartOf\":{\"@id\":\"https:\\\/\\\/printmarketing.dk\\\/#website\"},\"datePublished\":\"2025-11-20T08:47:25+00:00\",\"dateModified\":\"2025-11-30T07:30:14+00:00\",\"breadcrumb\":{\"@id\":\"https:\\\/\\\/printmarketing.dk\\\/index.php\\\/salgs-og-leveringsbetingelser\\\/#breadcrumb\"},\"inLanguage\":\"da-DK\",\"potentialAction\":[{\"@type\":\"ReadAction\",\"target\":[\"https:\\\/\\\/printmarketing.dk\\\/index.php\\\/salgs-og-leveringsbetingelser\\\/\"]}]},{\"@type\":\"BreadcrumbList\",\"@id\":\"https:\\\/\\\/printmarketing.dk\\\/index.php\\\/salgs-og-leveringsbetingelser\\\/#breadcrumb\",\"itemListElement\":[{\"@type\":\"ListItem\",\"position\":1,\"name\":\"Hjem\",\"item\":\"https:\\\/\\\/printmarketing.dk\\\/\"},{\"@type\":\"ListItem\",\"position\":2,\"name\":\"Salgs- og Leveringsbetingelser\"}]},{\"@type\":\"WebSite\",\"@id\":\"https:\\\/\\\/printmarketing.dk\\\/#website\",\"url\":\"https:\\\/\\\/printmarketing.dk\\\/\",\"name\":\"PrintMarketing\",\"description\":\"PrintMarketing hjemmeside\",\"publisher\":{\"@id\":\"https:\\\/\\\/printmarketing.dk\\\/#organization\"},\"potentialAction\":[{\"@type\":\"SearchAction\",\"target\":{\"@type\":\"EntryPoint\",\"urlTemplate\":\"https:\\\/\\\/printmarketing.dk\\\/?s={search_term_string}\"},\"query-input\":{\"@type\":\"PropertyValueSpecification\",\"valueRequired\":true,\"valueName\":\"search_term_string\"}}],\"inLanguage\":\"da-DK\"},{\"@type\":\"Organization\",\"@id\":\"https:\\\/\\\/printmarketing.dk\\\/#organization\",\"name\":\"PrintMarketing\",\"url\":\"https:\\\/\\\/printmarketing.dk\\\/\",\"logo\":{\"@type\":\"ImageObject\",\"inLanguage\":\"da-DK\",\"@id\":\"https:\\\/\\\/printmarketing.dk\\\/#\\\/schema\\\/logo\\\/image\\\/\",\"url\":\"https:\\\/\\\/printmarketing.dk\\\/wp-content\\\/uploads\\\/2025\\\/11\\\/8600E647-682B-4827-B10E-079B7961789A_1_105_c.jpeg\",\"contentUrl\":\"https:\\\/\\\/printmarketing.dk\\\/wp-content\\\/uploads\\\/2025\\\/11\\\/8600E647-682B-4827-B10E-079B7961789A_1_105_c.jpeg\",\"width\":1298,\"height\":604,\"caption\":\"PrintMarketing\"},\"image\":{\"@id\":\"https:\\\/\\\/printmarketing.dk\\\/#\\\/schema\\\/logo\\\/image\\\/\"},\"sameAs\":[\"https:\\\/\\\/www.facebook.com\\\/Printmarketing.dk\"]}]}<\/script>\n<!-- \/ Yoast SEO plugin. -->","yoast_head_json":{"title":"Salgs- og Leveringsbetingelser - PrintMarketing","robots":{"index":"index","follow":"follow","max-snippet":"max-snippet:-1","max-image-preview":"max-image-preview:large","max-video-preview":"max-video-preview:-1"},"canonical":"https:\/\/printmarketing.dk\/index.php\/salgs-og-leveringsbetingelser\/","og_locale":"da_DK","og_type":"article","og_title":"Salgs- og Leveringsbetingelser - PrintMarketing","og_description":"Anvendelse af salgs- og leveringsbetingelserne: Nedenn\u00e6vnte salgs- og leveringsbetingelser kommer til anvendelse, s\u00e5fremt ikke andet er aftaltPrintMarketing ApS og k\u00f8ber imellem.Tilbud:Afgivne tilbud er g\u00e6ldende i 30 dage regnet fra afgivelse af tilbuddet, med mindre andet fremg\u00e5r aftilbud\/aftale.Alle priser i tilbud og ordrebekr\u00e6ftelser er altid ekskl. moms og i DKK. Priser:Alle priser er ekskl. moms. Der [&hellip;]","og_url":"https:\/\/printmarketing.dk\/index.php\/salgs-og-leveringsbetingelser\/","og_site_name":"PrintMarketing","article_publisher":"https:\/\/www.facebook.com\/Printmarketing.dk","article_modified_time":"2025-11-30T07:30:14+00:00","twitter_card":"summary_large_image","twitter_misc":{"Estimeret l\u00e6setid":"9 minutter"},"schema":{"@context":"https:\/\/schema.org","@graph":[{"@type":"WebPage","@id":"https:\/\/printmarketing.dk\/index.php\/salgs-og-leveringsbetingelser\/","url":"https:\/\/printmarketing.dk\/index.php\/salgs-og-leveringsbetingelser\/","name":"Salgs- og Leveringsbetingelser - PrintMarketing","isPartOf":{"@id":"https:\/\/printmarketing.dk\/#website"},"datePublished":"2025-11-20T08:47:25+00:00","dateModified":"2025-11-30T07:30:14+00:00","breadcrumb":{"@id":"https:\/\/printmarketing.dk\/index.php\/salgs-og-leveringsbetingelser\/#breadcrumb"},"inLanguage":"da-DK","potentialAction":[{"@type":"ReadAction","target":["https:\/\/printmarketing.dk\/index.php\/salgs-og-leveringsbetingelser\/"]}]},{"@type":"BreadcrumbList","@id":"https:\/\/printmarketing.dk\/index.php\/salgs-og-leveringsbetingelser\/#breadcrumb","itemListElement":[{"@type":"ListItem","position":1,"name":"Hjem","item":"https:\/\/printmarketing.dk\/"},{"@type":"ListItem","position":2,"name":"Salgs- og Leveringsbetingelser"}]},{"@type":"WebSite","@id":"https:\/\/printmarketing.dk\/#website","url":"https:\/\/printmarketing.dk\/","name":"PrintMarketing","description":"PrintMarketing hjemmeside","publisher":{"@id":"https:\/\/printmarketing.dk\/#organization"},"potentialAction":[{"@type":"SearchAction","target":{"@type":"EntryPoint","urlTemplate":"https:\/\/printmarketing.dk\/?s={search_term_string}"},"query-input":{"@type":"PropertyValueSpecification","valueRequired":true,"valueName":"search_term_string"}}],"inLanguage":"da-DK"},{"@type":"Organization","@id":"https:\/\/printmarketing.dk\/#organization","name":"PrintMarketing","url":"https:\/\/printmarketing.dk\/","logo":{"@type":"ImageObject","inLanguage":"da-DK","@id":"https:\/\/printmarketing.dk\/#\/schema\/logo\/image\/","url":"https:\/\/printmarketing.dk\/wp-content\/uploads\/2025\/11\/8600E647-682B-4827-B10E-079B7961789A_1_105_c.jpeg","contentUrl":"https:\/\/printmarketing.dk\/wp-content\/uploads\/2025\/11\/8600E647-682B-4827-B10E-079B7961789A_1_105_c.jpeg","width":1298,"height":604,"caption":"PrintMarketing"},"image":{"@id":"https:\/\/printmarketing.dk\/#\/schema\/logo\/image\/"},"sameAs":["https:\/\/www.facebook.com\/Printmarketing.dk"]}]}},"jetpack_sharing_enabled":true,"_links":{"self":[{"href":"https:\/\/printmarketing.dk\/index.php\/wp-json\/wp\/v2\/pages\/658","targetHints":{"allow":["GET"]}}],"collection":[{"href":"https:\/\/printmarketing.dk\/index.php\/wp-json\/wp\/v2\/pages"}],"about":[{"href":"https:\/\/printmarketing.dk\/index.php\/wp-json\/wp\/v2\/types\/page"}],"author":[{"embeddable":true,"href":"https:\/\/printmarketing.dk\/index.php\/wp-json\/wp\/v2\/users\/1"}],"replies":[{"embeddable":true,"href":"https:\/\/printmarketing.dk\/index.php\/wp-json\/wp\/v2\/comments?post=658"}],"version-history":[{"count":4,"href":"https:\/\/printmarketing.dk\/index.php\/wp-json\/wp\/v2\/pages\/658\/revisions"}],"predecessor-version":[{"id":713,"href":"https:\/\/printmarketing.dk\/index.php\/wp-json\/wp\/v2\/pages\/658\/revisions\/713"}],"wp:attachment":[{"href":"https:\/\/printmarketing.dk\/index.php\/wp-json\/wp\/v2\/media?parent=658"}],"curies":[{"name":"wp","href":"https:\/\/api.w.org\/{rel}","templated":true}]}}